{"id":1584,"date":"2026-03-20T15:43:30","date_gmt":"2026-03-20T14:43:30","guid":{"rendered":"https:\/\/lerucherdesfavorites.fr\/index.php\/podcasts\/"},"modified":"2026-05-03T09:44:21","modified_gmt":"2026-05-03T08:44:21","slug":"podcasts","status":"publish","type":"page","link":"https:\/\/lerucherdesfavorites.fr\/?page_id=1584","title":{"rendered":"Mon miel"},"content":{"rendered":"<div data-spectra-id=\"1dccc804\"\tstyle=\"overflow: visible;\" class=\"spectra-is-root-container alignfull spectra-overlay-color spectra-overflow wp-block-spectra-container\" data-orientation=\"vertical\"\t>\n\t\n<div data-spectra-id=\"spectra-mfwndnh5-bmju71\" style=\"overflow: visible\" class=\"spectra-overlay-color spectra-overflow wp-block-spectra-container\" data-orientation=\"vertical\">\n\t\n<div data-spectra-id=\"eea775ef\" style=\"overflow: visible\" class=\"spectra-overlay-color spectra-overflow wp-block-spectra-container\" data-orientation=\"vertical\">\n\t\n\t<h1 data-spectra-id=\"spectra-eccc375d-heading\" class=\"wp-block-spectra-content\">\n\t\tMa production de miel\t<\/h1>\n\n\n\t<p data-spectra-id=\"spectra-mon1mmer-i1uumo\" class=\"wp-block-spectra-content\">\n\t\tMiel local, r\u00e9colt\u00e9 avec soin dans mes ruches situ\u00e9es \u00e0 Saint Berthevin.\t<\/p>\n\n<\/div>\n\n<\/div>\n\n\n<div data-spectra-id=\"spectra-3514d49e\" style=\"overflow: visible\" class=\"spectra-overlay-color spectra-overflow wp-block-spectra-container\" data-orientation=\"vertical\">\n\t\n<div data-spectra-id=\"spectra-momnovog-6rizk2\" style=\"overflow: visible\" class=\"spectra-overlay-color spectra-overflow wp-block-spectra-container\" data-orientation=\"vertical\">\n\t\n\n\n<div data-spectra-id=\"spectra-751fec09-separator\" style=\"display: flex;justify-content: center\" class=\"wp-block-spectra-separator spectra-separator-color wp-block-spectra-separator\">\n\t<div class=\"spectra-separator-line\" style=\"margin-left: auto;margin-right: auto;background-color: #000000\"><\/div>\n<\/div>\n\n\n\t<h4 data-spectra-id=\"spectra-751fec09-title\" class=\"wp-block-spectra-content\">\n\t\tMiel de printemps\t<\/h4>\n\n\n\n<p>Miel blanc cr\u00e9meux issu principalement du colza<\/p>\n\n\n\n<p>Ce miel est produit au d\u00e9but du printemps, lorsque les abeilles butinent les grandes floraisons de saison, notamment le colza, une plante riche en nectar.<\/p>\n\n\n\n<p><strong>Caract\u00e9ristiques techniques :<\/strong><\/p>\n\n\n\n<ul class=\"wp-block-list\">\n<li>Couleur claire \u00e0 blanche, due \u00e0 une faible teneur en pigments naturels<\/li>\n\n\n\n<li>Cristallisation rapide et fine, typique des miels riches en glucose<\/li>\n\n\n\n<li>Texture plus ou moins cr\u00e9meuse, id\u00e9ale pour la tartine<\/li>\n\n\n\n<li>Ar\u00f4me doux, floral et discret<br><\/li>\n<\/ul>\n\n\n\n<p><strong>Origine florale dominante :<\/strong><\/p>\n\n\n\n<p>Colza (Brassica napus), accompagn\u00e9 d&rsquo;autres fleurs de printemps comme le pissenlit, l&rsquo;aub\u00e9pine ou le cerisier sauvage.<\/p>\n\n\n<div data-spectra-id=\"0bbfe68c\" style=\"overflow: visible\" class=\"spectra-overlay-color spectra-overflow wp-block-spectra-container\" data-orientation=\"horizontal\">\n\t\n\t<p data-spectra-id=\"spectra-9cf15caf-content\" style=\"--spectra-text-color: var(--ast-global-color-2)\" class=\"has-text-color spectra-text-color wp-block-spectra-content has-text-color has-var-ast-global-color-2-color\">\n\t\t20 July 2021\t<\/p>\n\n\n<div data-spectra-id=\"spectra-5104647f\" class=\"wp-block-button spectra-buttons alignright  wp-block-spectra-buttons\">\n\t\n\n<\/div>\n\n<\/div>\n\n<\/div>\n\n\n<div data-spectra-id=\"spectra-momnovoo-c8cc9o\" style=\"overflow: visible\" class=\"spectra-overlay-color spectra-overflow wp-block-spectra-container\" data-orientation=\"vertical\">\n\t\n\n\n<div data-spectra-id=\"spectra-f66c3c9b-2ca0-4ee5-86be-d16375a990a8\" style=\"display: flex;justify-content: center\" class=\"wp-block-spectra-separator spectra-separator-color wp-block-spectra-separator\">\n\t<div class=\"spectra-separator-line\" style=\"margin-left: auto;margin-right: auto;background-color: #000000\"><\/div>\n<\/div>\n\n\n\t<h4 data-spectra-id=\"spectra-bea1e290-0dcb-4379-a2ce-eb9796547bd3\" class=\"wp-block-spectra-content\">\n\t\tMiel d&rsquo;\u00e9t\u00e9\t<\/h4>\n\n\n\n<p>Miel ambr\u00e9 et parfum\u00e9 issu principalement du ch\u00e2taignier<\/p>\n\n\n\n<p>Ce miel est produit en plein \u00e9t\u00e9, lorsque les abeilles butinent les floraisons estivales, notamment le ch\u00e2taignier, une plante g\u00e9n\u00e9reuse en nectar riche et aromatique.<\/p>\n\n\n\n<p><strong>Caract\u00e9ristiques techniques :<\/strong><\/p>\n\n\n\n<ul class=\"wp-block-list\">\n<li>Couleur ambr\u00e9e \u00e0 brun clair, due \u00e0 une teneur plus \u00e9lev\u00e9e en pigments naturels et en min\u00e9raux<\/li>\n\n\n\n<li>Cristallisation lente, typique des miels riches en fructose<\/li>\n\n\n\n<li>Texture fluide \u00e0 semi-liquide, avec une belle onctuosit\u00e9 en bouche<\/li>\n\n\n\n<li>Ar\u00f4me puissant, bois\u00e9 et l\u00e9g\u00e8rement tannique, avec des notes douces apport\u00e9es par le m\u00fbrier et l&rsquo;acacia<\/li>\n<\/ul>\n\n\n\n<p><strong>Origine florale dominante :<\/strong><\/p>\n\n\n\n<p>Ch\u00e2taignier (Castanea sativa), accompagn\u00e9 du m\u00fbrier et d&rsquo;une touche d&rsquo;acacia, qui adoucissent et \u00e9quilibrent le caract\u00e8re affirm\u00e9 de ce miel.<\/p>\n\n\n<div data-spectra-id=\"spectra-11f8ed57-0aa7-421d-87c5-9661e0d1830e\" style=\"overflow: visible\" class=\"spectra-overlay-color spectra-overflow wp-block-spectra-container\" data-orientation=\"horizontal\">\n\t\n\t<p data-spectra-id=\"spectra-bdb7baaf-a01f-45b4-8df8-ab354dc456ba\" style=\"--spectra-text-color: var(--ast-global-color-2)\" class=\"has-text-color spectra-text-color wp-block-spectra-content has-text-color has-var-ast-global-color-2-color\">\n\t\t19 July 2021\t<\/p>\n\n\n<div data-spectra-id=\"spectra-37635cb9-81a2-48a8-a481-b6317f4cc795\" class=\"wp-block-button spectra-buttons alignright  wp-block-spectra-buttons\">\n\t\n\n<\/div>\n\n<\/div>\n\n<\/div>\n\n<\/div>\n\n<\/div>\n","protected":false},"excerpt":{"rendered":"","protected":false},"author":1,"featured_media":0,"parent":0,"menu_order":0,"comment_status":"closed","ping_status":"closed","template":"","meta":{"_uag_custom_page_level_css":"","site-sidebar-layout":"default","site-content-layout":"plain-container","ast-site-content-layout":"normal-width-container","site-content-style":"unboxed","site-sidebar-style":"unboxed","ast-global-header-display":"","ast-banner-title-visibility":"","ast-main-header-display":"","ast-hfb-above-header-display":"","ast-hfb-below-header-display":"","ast-hfb-mobile-header-display":"","site-post-title":"disabled","ast-breadcrumbs-content":"","ast-featured-img":"","footer-sml-layout":"","ast-disable-related-posts":"","theme-transparent-header-meta":"","adv-header-id-meta":"","stick-header-meta":"","header-above-stick-meta":"","header-main-stick-meta":"","header-below-stick-meta":"","astra-migrate-meta-layouts":"set","ast-page-background-enabled":"default","ast-page-background-meta":{"desktop":{"background-color":"","background-image":"","background-repeat":"repeat","background-position":"center center","background-size":"auto","background-attachment":"scroll","background-type":"","background-media":"","overlay-type":"","overlay-color":"","overlay-opacity":"","overlay-gradient":""},"tablet":{"background-color":"","background-image":"","background-repeat":"repeat","background-position":"center center","background-size":"auto","background-attachment":"scroll","background-type":"","background-media":"","overlay-type":"","overlay-color":"","overlay-opacity":"","overlay-gradient":""},"mobile":{"background-color":"","background-image":"","background-repeat":"repeat","background-position":"center center","background-size":"auto","background-attachment":"scroll","background-type":"","background-media":"","overlay-type":"","overlay-color":"","overlay-opacity":"","overlay-gradient":""}},"ast-content-background-meta":{"desktop":{"background-color":"var(--ast-global-color-5)","background-image":"","background-repeat":"repeat","background-position":"center center","background-size":"auto","background-attachment":"scroll","background-type":"","background-media":"","overlay-type":"","overlay-color":"","overlay-opacity":"","overlay-gradient":""},"tablet":{"background-color":"var(--ast-global-color-5)","background-image":"","background-repeat":"repeat","background-position":"center center","background-size":"auto","background-attachment":"scroll","background-type":"","background-media":"","overlay-type":"","overlay-color":"","overlay-opacity":"","overlay-gradient":""},"mobile":{"background-color":"var(--ast-global-color-5)","background-image":"","background-repeat":"repeat","background-position":"center center","background-size":"auto","background-attachment":"scroll","background-type":"","background-media":"","overlay-type":"","overlay-color":"","overlay-opacity":"","overlay-gradient":""}},"footnotes":""},"class_list":["post-1584","page","type-page","status-publish","hentry"],"yoast_head":"<!-- This site is optimized with the Yoast SEO plugin v27.5 - https:\/\/yoast.com\/product\/yoast-seo-wordpress\/ -->\n<title>Mon miel - Le Rucher des Favorites<\/title>\n<meta name=\"robots\" content=\"index, follow, max-snippet:-1, max-image-preview:large, max-video-preview:-1\" \/>\n<link rel=\"canonical\" href=\"https:\/\/lerucherdesfavorites.fr\/?page_id=1584\" \/>\n<meta property=\"og:locale\" content=\"fr_FR\" \/>\n<meta property=\"og:type\" content=\"article\" \/>\n<meta property=\"og:title\" content=\"Mon miel - Le Rucher des Favorites\" \/>\n<meta property=\"og:url\" content=\"https:\/\/lerucherdesfavorites.fr\/?page_id=1584\" \/>\n<meta property=\"og:site_name\" content=\"Le Rucher des Favorites\" \/>\n<meta property=\"article:modified_time\" content=\"2026-05-03T08:44:21+00:00\" \/>\n<meta name=\"twitter:card\" content=\"summary_large_image\" \/>\n<meta name=\"twitter:label1\" content=\"Dur\u00e9e de lecture estim\u00e9e\" \/>\n\t<meta name=\"twitter:data1\" content=\"2 minutes\" \/>\n<script type=\"application\/ld+json\" class=\"yoast-schema-graph\">{\"@context\":\"https:\\\/\\\/schema.org\",\"@graph\":[{\"@type\":\"WebPage\",\"@id\":\"https:\\\/\\\/lerucherdesfavorites.fr\\\/?page_id=1584\",\"url\":\"https:\\\/\\\/lerucherdesfavorites.fr\\\/?page_id=1584\",\"name\":\"Mon miel - Le Rucher des Favorites\",\"isPartOf\":{\"@id\":\"http:\\\/\\\/lerucherdesfavorites.fr\\\/#website\"},\"datePublished\":\"2026-03-20T14:43:30+00:00\",\"dateModified\":\"2026-05-03T08:44:21+00:00\",\"breadcrumb\":{\"@id\":\"https:\\\/\\\/lerucherdesfavorites.fr\\\/?page_id=1584#breadcrumb\"},\"inLanguage\":\"fr-FR\",\"potentialAction\":[{\"@type\":\"ReadAction\",\"target\":[\"https:\\\/\\\/lerucherdesfavorites.fr\\\/?page_id=1584\"]}]},{\"@type\":\"BreadcrumbList\",\"@id\":\"https:\\\/\\\/lerucherdesfavorites.fr\\\/?page_id=1584#breadcrumb\",\"itemListElement\":[{\"@type\":\"ListItem\",\"position\":1,\"name\":\"Accueil\",\"item\":\"http:\\\/\\\/lerucherdesfavorites.fr\\\/\"},{\"@type\":\"ListItem\",\"position\":2,\"name\":\"Mon miel\"}]},{\"@type\":\"WebSite\",\"@id\":\"http:\\\/\\\/lerucherdesfavorites.fr\\\/#website\",\"url\":\"http:\\\/\\\/lerucherdesfavorites.fr\\\/\",\"name\":\"Le Rucher des Favorites\",\"description\":\"\u00ab Entre ruches et paysages, la Mayenne se r\u00e9v\u00e8le \u00bb\",\"publisher\":{\"@id\":\"http:\\\/\\\/lerucherdesfavorites.fr\\\/#organization\"},\"potentialAction\":[{\"@type\":\"SearchAction\",\"target\":{\"@type\":\"EntryPoint\",\"urlTemplate\":\"http:\\\/\\\/lerucherdesfavorites.fr\\\/?s={search_term_string}\"},\"query-input\":{\"@type\":\"PropertyValueSpecification\",\"valueRequired\":true,\"valueName\":\"search_term_string\"}}],\"inLanguage\":\"fr-FR\"},{\"@type\":\"Organization\",\"@id\":\"http:\\\/\\\/lerucherdesfavorites.fr\\\/#organization\",\"name\":\"Le Rucher des Favorites\",\"url\":\"http:\\\/\\\/lerucherdesfavorites.fr\\\/\",\"logo\":{\"@type\":\"ImageObject\",\"inLanguage\":\"fr-FR\",\"@id\":\"http:\\\/\\\/lerucherdesfavorites.fr\\\/#\\\/schema\\\/logo\\\/image\\\/\",\"url\":\"https:\\\/\\\/lerucherdesfavorites.fr\\\/wp-content\\\/uploads\\\/2025\\\/12\\\/cropped-Logo_Site_2.png\",\"contentUrl\":\"https:\\\/\\\/lerucherdesfavorites.fr\\\/wp-content\\\/uploads\\\/2025\\\/12\\\/cropped-Logo_Site_2.png\",\"width\":454,\"height\":328,\"caption\":\"Le Rucher des Favorites\"},\"image\":{\"@id\":\"http:\\\/\\\/lerucherdesfavorites.fr\\\/#\\\/schema\\\/logo\\\/image\\\/\"}}]}<\/script>\n<!-- \/ Yoast SEO plugin. -->","yoast_head_json":{"title":"Mon miel - Le Rucher des Favorites","robots":{"index":"index","follow":"follow","max-snippet":"max-snippet:-1","max-image-preview":"max-image-preview:large","max-video-preview":"max-video-preview:-1"},"canonical":"https:\/\/lerucherdesfavorites.fr\/?page_id=1584","og_locale":"fr_FR","og_type":"article","og_title":"Mon miel - Le Rucher des Favorites","og_url":"https:\/\/lerucherdesfavorites.fr\/?page_id=1584","og_site_name":"Le Rucher des Favorites","article_modified_time":"2026-05-03T08:44:21+00:00","twitter_card":"summary_large_image","twitter_misc":{"Dur\u00e9e de lecture estim\u00e9e":"2 minutes"},"schema":{"@context":"https:\/\/schema.org","@graph":[{"@type":"WebPage","@id":"https:\/\/lerucherdesfavorites.fr\/?page_id=1584","url":"https:\/\/lerucherdesfavorites.fr\/?page_id=1584","name":"Mon miel - Le Rucher des Favorites","isPartOf":{"@id":"http:\/\/lerucherdesfavorites.fr\/#website"},"datePublished":"2026-03-20T14:43:30+00:00","dateModified":"2026-05-03T08:44:21+00:00","breadcrumb":{"@id":"https:\/\/lerucherdesfavorites.fr\/?page_id=1584#breadcrumb"},"inLanguage":"fr-FR","potentialAction":[{"@type":"ReadAction","target":["https:\/\/lerucherdesfavorites.fr\/?page_id=1584"]}]},{"@type":"BreadcrumbList","@id":"https:\/\/lerucherdesfavorites.fr\/?page_id=1584#breadcrumb","itemListElement":[{"@type":"ListItem","position":1,"name":"Accueil","item":"http:\/\/lerucherdesfavorites.fr\/"},{"@type":"ListItem","position":2,"name":"Mon miel"}]},{"@type":"WebSite","@id":"http:\/\/lerucherdesfavorites.fr\/#website","url":"http:\/\/lerucherdesfavorites.fr\/","name":"Le Rucher des Favorites","description":"\u00ab Entre ruches et paysages, la Mayenne se r\u00e9v\u00e8le \u00bb","publisher":{"@id":"http:\/\/lerucherdesfavorites.fr\/#organization"},"potentialAction":[{"@type":"SearchAction","target":{"@type":"EntryPoint","urlTemplate":"http:\/\/lerucherdesfavorites.fr\/?s={search_term_string}"},"query-input":{"@type":"PropertyValueSpecification","valueRequired":true,"valueName":"search_term_string"}}],"inLanguage":"fr-FR"},{"@type":"Organization","@id":"http:\/\/lerucherdesfavorites.fr\/#organization","name":"Le Rucher des Favorites","url":"http:\/\/lerucherdesfavorites.fr\/","logo":{"@type":"ImageObject","inLanguage":"fr-FR","@id":"http:\/\/lerucherdesfavorites.fr\/#\/schema\/logo\/image\/","url":"https:\/\/lerucherdesfavorites.fr\/wp-content\/uploads\/2025\/12\/cropped-Logo_Site_2.png","contentUrl":"https:\/\/lerucherdesfavorites.fr\/wp-content\/uploads\/2025\/12\/cropped-Logo_Site_2.png","width":454,"height":328,"caption":"Le Rucher des Favorites"},"image":{"@id":"http:\/\/lerucherdesfavorites.fr\/#\/schema\/logo\/image\/"}}]}},"uagb_featured_image_src":{"full":false,"thumbnail":false,"medium":false,"medium_large":false,"large":false,"1536x1536":false,"2048x2048":false},"uagb_author_info":{"display_name":"api53","author_link":"https:\/\/lerucherdesfavorites.fr\/?author=1"},"uagb_comment_info":0,"uagb_excerpt":null,"_links":{"self":[{"href":"https:\/\/lerucherdesfavorites.fr\/index.php?rest_route=\/wp\/v2\/pages\/1584","targetHints":{"allow":["GET"]}}],"collection":[{"href":"https:\/\/lerucherdesfavorites.fr\/index.php?rest_route=\/wp\/v2\/pages"}],"about":[{"href":"https:\/\/lerucherdesfavorites.fr\/index.php?rest_route=\/wp\/v2\/types\/page"}],"author":[{"embeddable":true,"href":"https:\/\/lerucherdesfavorites.fr\/index.php?rest_route=\/wp\/v2\/users\/1"}],"replies":[{"embeddable":true,"href":"https:\/\/lerucherdesfavorites.fr\/index.php?rest_route=%2Fwp%2Fv2%2Fcomments&post=1584"}],"version-history":[{"count":7,"href":"https:\/\/lerucherdesfavorites.fr\/index.php?rest_route=\/wp\/v2\/pages\/1584\/revisions"}],"predecessor-version":[{"id":2289,"href":"https:\/\/lerucherdesfavorites.fr\/index.php?rest_route=\/wp\/v2\/pages\/1584\/revisions\/2289"}],"wp:attachment":[{"href":"https:\/\/lerucherdesfavorites.fr\/index.php?rest_route=%2Fwp%2Fv2%2Fmedia&parent=1584"}],"curies":[{"name":"wp","href":"https:\/\/api.w.org\/{rel}","templated":true}]}}